{"id":6179,"date":"2025-06-12T12:03:49","date_gmt":"2025-06-12T10:03:49","guid":{"rendered":"https:\/\/chiruca-dev.xyz\/web_outdoor_02\/?page_id=6179"},"modified":"2025-08-01T10:20:42","modified_gmt":"2025-08-01T08:20:42","slug":"contact","status":"publish","type":"page","link":"https:\/\/chiruca.com\/en\/contact\/","title":{"rendered":"Contact"},"content":{"rendered":"\t\t<div data-elementor-type=\"wp-page\" data-elementor-id=\"6179\" class=\"elementor elementor-6179\" data-elementor-post-type=\"page\">\n\t\t\t\t<div class=\"elementor-element elementor-element-17f0615 e-con-full e-flex e-con e-parent\" data-id=\"17f0615\" data-element_type=\"container\" data-e-type=\"container\" data-settings=\"{&quot;background_background&quot;:&quot;classic&quot;}\">\n\t\t\t\t<div class=\"elementor-element elementor-element-ceb97d4 elementor-widget elementor-widget-heading\" data-id=\"ceb97d4\" data-element_type=\"widget\" data-e-type=\"widget\" data-widget_type=\"heading.default\">\n\t\t\t\t<div class=\"elementor-widget-container\">\n\t\t\t\t\t<h2 class=\"elementor-heading-title elementor-size-default\">CONTACT<\/h2>\t\t\t\t<\/div>\n\t\t\t\t<\/div>\n\t\t<div class=\"elementor-element elementor-element-cf5ddd5 e-grid e-con-boxed e-con e-child\" data-id=\"cf5ddd5\" data-element_type=\"container\" data-e-type=\"container\">\n\t\t\t\t\t<div class=\"e-con-inner\">\n\t\t<div class=\"elementor-element elementor-element-7c5cb50 e-con-full e-flex e-con e-child\" data-id=\"7c5cb50\" data-element_type=\"container\" data-e-type=\"container\">\n\t\t\t\t<div class=\"elementor-element elementor-element-00b0424 elementor-view-default elementor-widget elementor-widget-icon\" data-id=\"00b0424\" data-element_type=\"widget\" data-e-type=\"widget\" data-widget_type=\"icon.default\">\n\t\t\t\t<div class=\"elementor-widget-container\">\n\t\t\t\t\t\t\t<div class=\"elementor-icon-wrapper\">\n\t\t\t<div class=\"elementor-icon\">\n\t\t\t<svg xmlns=\"http:\/\/www.w3.org\/2000\/svg\" width=\"82\" height=\"82\" viewBox=\"0 0 82 82\" fill=\"none\"><path d=\"M75.1673 20.5C75.1673 16.7417 72.0923 13.6667 68.334 13.6667H13.6673C9.90898 13.6667 6.83398 16.7417 6.83398 20.5M75.1673 20.5V61.5C75.1673 65.2584 72.0923 68.3334 68.334 68.3334H13.6673C9.90898 68.3334 6.83398 65.2584 6.83398 61.5V20.5M75.1673 20.5L41.0006 44.4167L6.83398 20.5\" stroke=\"#E4042C\" stroke-width=\"4\" stroke-linecap=\"round\" stroke-linejoin=\"round\"><\/path><\/svg>\t\t\t<\/div>\n\t\t<\/div>\n\t\t\t\t\t\t<\/div>\n\t\t\t\t<\/div>\n\t\t\t\t<div class=\"elementor-element elementor-element-469132d elementor-widget elementor-widget-heading\" data-id=\"469132d\" data-element_type=\"widget\" data-e-type=\"widget\" data-widget_type=\"heading.default\">\n\t\t\t\t<div class=\"elementor-widget-container\">\n\t\t\t\t\t<span class=\"elementor-heading-title elementor-size-default\">EMAIL<\/span>\t\t\t\t<\/div>\n\t\t\t\t<\/div>\n\t\t\t\t<div class=\"elementor-element elementor-element-eda7ae6 elementor-widget elementor-widget-text-editor\" data-id=\"eda7ae6\" data-element_type=\"widget\" data-e-type=\"widget\" data-widget_type=\"text-editor.default\">\n\t\t\t\t<div class=\"elementor-widget-container\">\n\t\t\t\t\t\t\t\t\t<p style=\"text-align: center;\"><a href=\"mailto:tienda@fal.es\">tienda@fal.es<\/a><\/p>\n\n\t\t\t\t\t\t\t\t<\/div>\n\t\t\t\t<\/div>\n\t\t\t\t<\/div>\n\t\t<div class=\"elementor-element elementor-element-9e61a3b e-con-full e-flex e-con e-child\" data-id=\"9e61a3b\" data-element_type=\"container\" data-e-type=\"container\">\n\t\t\t\t<div class=\"elementor-element elementor-element-abde5b7 elementor-view-default elementor-widget elementor-widget-icon\" data-id=\"abde5b7\" data-element_type=\"widget\" data-e-type=\"widget\" data-widget_type=\"icon.default\">\n\t\t\t\t<div class=\"elementor-widget-container\">\n\t\t\t\t\t\t\t<div class=\"elementor-icon-wrapper\">\n\t\t\t<div class=\"elementor-icon\">\n\t\t\t<svg xmlns=\"http:\/\/www.w3.org\/2000\/svg\" width=\"86\" height=\"86\" viewBox=\"0 0 86 86\" fill=\"none\"><path d=\"M53.9299 17.9166C57.4299 18.5995 60.6465 20.3112 63.168 22.8327C65.6895 25.3543 67.4013 28.5708 68.0841 32.0708M53.9299 3.58331C61.2015 4.39113 67.9823 7.64744 73.159 12.8176C78.3356 17.9877 81.6005 24.7644 82.4174 32.035M78.8341 60.63V71.38C78.8382 72.3779 78.6337 73.3657 78.2339 74.2801C77.8341 75.1945 77.2478 76.0153 76.5124 76.69C75.777 77.3646 74.9088 77.8783 73.9635 78.198C73.0181 78.5177 72.0164 78.6365 71.0224 78.5466C59.9959 77.3485 49.4042 73.5807 40.0983 67.5458C31.4403 62.0442 24.0999 54.7038 18.5983 46.0458C12.5424 36.6976 8.77365 26.0544 7.59744 14.9783C7.5079 13.9874 7.62566 12.9887 7.94324 12.0458C8.26081 11.1029 8.77124 10.2364 9.44202 9.50162C10.1128 8.76679 10.9292 8.17969 11.8394 7.77768C12.7495 7.37568 13.7333 7.16758 14.7283 7.16665H25.4783C27.2173 7.14953 28.9032 7.76534 30.2218 8.8993C31.5403 10.0333 32.4016 11.608 32.6449 13.33C33.0987 16.7702 33.9401 20.1481 35.1533 23.3991C35.6354 24.6817 35.7397 26.0756 35.4539 27.4156C35.1682 28.7557 34.5042 29.9857 33.5408 30.96L28.9899 35.5108C34.091 44.4818 41.5189 51.9097 50.4899 57.0108L55.0408 52.46C56.015 51.4965 57.2451 50.8326 58.5851 50.5468C59.9252 50.261 61.319 50.3654 62.6016 50.8475C65.8527 52.0606 69.2305 52.9021 72.6708 53.3558C74.4114 53.6014 76.0011 54.4781 77.1375 55.8193C78.2739 57.1605 78.8777 58.8726 78.8341 60.63Z\" stroke=\"#E4042C\" stroke-width=\"4\" stroke-linecap=\"round\" stroke-linejoin=\"round\"><\/path><\/svg>\t\t\t<\/div>\n\t\t<\/div>\n\t\t\t\t\t\t<\/div>\n\t\t\t\t<\/div>\n\t\t\t\t<div class=\"elementor-element elementor-element-19bee65 elementor-widget elementor-widget-heading\" data-id=\"19bee65\" data-element_type=\"widget\" data-e-type=\"widget\" data-widget_type=\"heading.default\">\n\t\t\t\t<div class=\"elementor-widget-container\">\n\t\t\t\t\t<span class=\"elementor-heading-title elementor-size-default\">TELEPHONE<\/span>\t\t\t\t<\/div>\n\t\t\t\t<\/div>\n\t\t\t\t<div class=\"elementor-element elementor-element-6675f3a elementor-widget elementor-widget-text-editor\" data-id=\"6675f3a\" data-element_type=\"widget\" data-e-type=\"widget\" data-widget_type=\"text-editor.default\">\n\t\t\t\t<div class=\"elementor-widget-container\">\n\t\t\t\t\t\t\t\t\t<p style=\"text-align: center;\">+34 941 38 08 00<\/p>\t\t\t\t\t\t\t\t<\/div>\n\t\t\t\t<\/div>\n\t\t\t\t<\/div>\n\t\t<div class=\"elementor-element elementor-element-2fb072c e-con-full e-flex e-con e-child\" data-id=\"2fb072c\" data-element_type=\"container\" data-e-type=\"container\">\n\t\t\t\t<div class=\"elementor-element elementor-element-5e8bfeb elementor-view-default elementor-widget elementor-widget-icon\" data-id=\"5e8bfeb\" data-element_type=\"widget\" data-e-type=\"widget\" data-widget_type=\"icon.default\">\n\t\t\t\t<div class=\"elementor-widget-container\">\n\t\t\t\t\t\t\t<div class=\"elementor-icon-wrapper\">\n\t\t\t<div class=\"elementor-icon\">\n\t\t\t<svg xmlns=\"http:\/\/www.w3.org\/2000\/svg\" width=\"97\" height=\"97\" viewBox=\"0 0 97 97\" fill=\"none\"><path d=\"M48.5007 88.9167C47.5576 88.9167 46.7493 88.6472 46.0757 88.1083C45.402 87.5694 44.8968 86.8621 44.56 85.9864C43.2802 82.2142 41.6635 78.6778 39.71 75.3771C37.8239 72.0764 35.1632 68.2031 31.7277 63.7573C28.2923 59.3114 25.4968 55.0677 23.3413 51.026C21.2531 46.9844 20.209 42.1007 20.209 36.375C20.209 28.4937 22.9371 21.825 28.3934 16.3687C33.917 10.8451 40.6194 8.08331 48.5007 8.08331C56.3819 8.08331 63.0507 10.8451 68.5069 16.3687C74.0305 21.825 76.7923 28.4937 76.7923 36.375C76.7923 42.5048 75.6135 47.6243 73.2559 51.7333C70.9656 55.775 68.3048 59.783 65.2736 63.7573C61.6361 68.6073 58.8743 72.6489 56.9882 75.8823C55.1694 79.0482 53.6538 82.4163 52.4413 85.9864C52.1045 86.9295 51.5656 87.6705 50.8246 88.2094C50.151 88.6809 49.3763 88.9167 48.5007 88.9167ZM48.5007 74.4677C49.6458 72.1774 50.9257 69.9208 52.3402 67.6979C53.8222 65.475 55.9777 62.5111 58.8069 58.8062C61.7034 55.034 64.0611 51.5649 65.8798 48.3989C67.7659 45.1656 68.709 41.1576 68.709 36.375C68.709 30.784 66.7218 26.035 62.7475 22.1281C58.8406 18.1538 54.0916 16.1666 48.5007 16.1666C42.9097 16.1666 38.127 18.1538 34.1527 22.1281C30.2458 26.035 28.2923 30.784 28.2923 36.375C28.2923 41.1576 29.2017 45.1656 31.0204 48.3989C32.9066 51.5649 35.2979 55.034 38.1944 58.8062C41.0236 62.5111 43.1454 65.475 44.56 67.6979C46.042 69.9208 47.3555 72.1774 48.5007 74.4677ZM48.5007 46.4791C51.3298 46.4791 53.7211 45.5024 55.6746 43.5489C57.6281 41.5955 58.6048 39.2041 58.6048 36.375C58.6048 33.5458 57.6281 31.1545 55.6746 29.201C53.7211 27.2475 51.3298 26.2708 48.5007 26.2708C45.6715 26.2708 43.2802 27.2475 41.3267 29.201C39.3732 31.1545 38.3965 33.5458 38.3965 36.375C38.3965 39.2041 39.3732 41.5955 41.3267 43.5489C43.2802 45.5024 45.6715 46.4791 48.5007 46.4791Z\" fill=\"#E4042C\"><\/path><\/svg>\t\t\t<\/div>\n\t\t<\/div>\n\t\t\t\t\t\t<\/div>\n\t\t\t\t<\/div>\n\t\t\t\t<div class=\"elementor-element elementor-element-6ec2dc3 elementor-widget elementor-widget-heading\" data-id=\"6ec2dc3\" data-element_type=\"widget\" data-e-type=\"widget\" data-widget_type=\"heading.default\">\n\t\t\t\t<div class=\"elementor-widget-container\">\n\t\t\t\t\t<span class=\"elementor-heading-title elementor-size-default\">ADDRESS<\/span>\t\t\t\t<\/div>\n\t\t\t\t<\/div>\n\t\t\t\t<div class=\"elementor-element elementor-element-1b02ee5 elementor-widget elementor-widget-text-editor\" data-id=\"1b02ee5\" data-element_type=\"widget\" data-e-type=\"widget\" data-widget_type=\"text-editor.default\">\n\t\t\t\t<div class=\"elementor-widget-container\">\n\t\t\t\t\t\t\t\t\t<p style=\"text-align: center;\">\nAvenida Logro\u00f1o 21<br\/>\n26580 Arnedo<br\/>\n(La Rioja)<\/p>\t\t\t\t\t\t\t\t<\/div>\n\t\t\t\t<\/div>\n\t\t\t\t<\/div>\n\t\t\t\t\t<\/div>\n\t\t\t\t<\/div>\n\t\t\t\t<\/div>\n\t\t<div class=\"elementor-element elementor-element-1122312 e-con-full e-flex e-con e-parent\" data-id=\"1122312\" data-element_type=\"container\" data-e-type=\"container\" data-settings=\"{&quot;background_background&quot;:&quot;classic&quot;}\">\n\t\t<div class=\"elementor-element elementor-element-971108e e-flex e-con-boxed e-con e-child\" data-id=\"971108e\" data-element_type=\"container\" data-e-type=\"container\">\n\t\t\t\t\t<div class=\"e-con-inner\">\n\t\t\t\t<div class=\"elementor-element elementor-element-b4016cb elementor-widget elementor-widget-google_maps\" data-id=\"b4016cb\" data-element_type=\"widget\" data-e-type=\"widget\" data-widget_type=\"google_maps.default\">\n\t\t\t\t<div class=\"elementor-widget-container\">\n\t\t\t\t\t\t\t<div class=\"elementor-custom-embed\">\n\t\t\t<iframe loading=\"lazy\"\n\t\t\t\t\tsrc=\"https:\/\/maps.google.com\/maps?q=Calzados%20Fal%2C%20Arnedo%20&#038;t=m&#038;z=17&#038;output=embed&#038;iwloc=near\"\n\t\t\t\t\ttitle=\"Calzados Fal, Arnedo \"\n\t\t\t\t\taria-label=\"Calzados Fal, Arnedo \"\n\t\t\t><\/iframe>\n\t\t<\/div>\n\t\t\t\t\t\t<\/div>\n\t\t\t\t<\/div>\n\t\t\t\t\t<\/div>\n\t\t\t\t<\/div>\n\t\t\t\t<\/div>\n\t\t<div class=\"elementor-element elementor-element-6dba36e e-con-full e-flex e-con e-parent\" data-id=\"6dba36e\" data-element_type=\"container\" data-e-type=\"container\" data-settings=\"{&quot;background_background&quot;:&quot;classic&quot;}\">\n\t\t\t\t<div class=\"elementor-element elementor-element-96986ef elementor-widget elementor-widget-heading\" data-id=\"96986ef\" data-element_type=\"widget\" data-e-type=\"widget\" data-widget_type=\"heading.default\">\n\t\t\t\t<div class=\"elementor-widget-container\">\n\t\t\t\t\t<h5 class=\"elementor-heading-title elementor-size-default\">CONTACT FORM<\/h5>\t\t\t\t<\/div>\n\t\t\t\t<\/div>\n\t\t<div class=\"elementor-element elementor-element-880cb98 e-flex e-con-boxed e-con e-child\" data-id=\"880cb98\" data-element_type=\"container\" data-e-type=\"container\">\n\t\t\t\t\t<div class=\"e-con-inner\">\n\t\t\t\t<div class=\"elementor-element elementor-element-484482b elementor-widget elementor-widget-htcontactform-addons\" data-id=\"484482b\" data-element_type=\"widget\" data-e-type=\"widget\" data-widget_type=\"htcontactform-addons.default\">\n\t\t\t\t<div class=\"elementor-widget-container\">\n\t\t\t\t\t            <div class=\"htcontact-form-wrapper\" >\n                \n<div class=\"wpcf7 no-js\" id=\"wpcf7-f12-o1\" lang=\"es-ES\" dir=\"ltr\" data-wpcf7-id=\"12\">\n<div class=\"screen-reader-response\"><p role=\"status\" aria-live=\"polite\" aria-atomic=\"true\"><\/p> <ul><\/ul><\/div>\n<form action=\"\/en\/wp-json\/wp\/v2\/pages\/6179#wpcf7-f12-o1\" method=\"post\" class=\"wpcf7-form init\" aria-label=\"Formulario de contacto\" enctype=\"multipart\/form-data\" novalidate=\"novalidate\" data-status=\"init\">\n<fieldset class=\"hidden-fields-container\"><input type=\"hidden\" name=\"_wpcf7\" value=\"12\" \/><input type=\"hidden\" name=\"_wpcf7_version\" value=\"6.1.5\" \/><input type=\"hidden\" name=\"_wpcf7_locale\" value=\"es_ES\" \/><input type=\"hidden\" name=\"_wpcf7_unit_tag\" value=\"wpcf7-f12-o1\" \/><input type=\"hidden\" name=\"_wpcf7_container_post\" value=\"0\" \/><input type=\"hidden\" name=\"_wpcf7_posted_data_hash\" value=\"\" \/>\n<\/fieldset>\n<p><label><br \/>\n<span class=\"wpcf7-form-control-wrap\" data-name=\"your-name\"><input size=\"40\" maxlength=\"400\" class=\"wpcf7-form-control wpcf7-text wpcf7-validates-as-required\" aria-required=\"true\" aria-invalid=\"false\" placeholder=\"Name\" value=\"\" type=\"text\" name=\"your-name\" \/><\/span> <\/label>\n<\/p>\n<p><label><br \/>\n<span class=\"wpcf7-form-control-wrap\" data-name=\"your-email\"><input size=\"40\" maxlength=\"400\" class=\"wpcf7-form-control wpcf7-email wpcf7-validates-as-required wpcf7-text wpcf7-validates-as-email\" aria-required=\"true\" aria-invalid=\"false\" placeholder=\"Email\" value=\"\" type=\"email\" name=\"your-email\" \/><\/span> <\/label>\n<\/p>\n<p><label><br \/>\n<span class=\"wpcf7-form-control-wrap\" data-name=\"your-subject\"><input size=\"40\" maxlength=\"400\" class=\"wpcf7-form-control wpcf7-text wpcf7-validates-as-required\" aria-required=\"true\" aria-invalid=\"false\" placeholder=\"Subject\" value=\"\" type=\"text\" name=\"your-subject\" \/><\/span> <\/label>\n<\/p>\n<p><label><br \/>\n<span class=\"wpcf7-form-control-wrap\" data-name=\"your-message\"><textarea cols=\"40\" rows=\"10\" maxlength=\"2000\" class=\"wpcf7-form-control wpcf7-textarea wpcf7-validates-as-required\" aria-required=\"true\" aria-invalid=\"false\" placeholder=\"Message\" name=\"your-message\"><\/textarea><\/span> <\/label>\n<\/p>\n<p><span class=\"wpcf7-form-control-wrap\" data-name=\"CargarArchivo\"><input size=\"40\" class=\"wpcf7-form-control wpcf7-file\" accept=\".jpg,.pdf,.doc\" aria-invalid=\"false\" type=\"file\" name=\"CargarArchivo\" \/><\/span>\n<\/p>\n<p><br \/>\n<span class=\"wpcf7-form-control-wrap\" data-name=\"AceptoPolticaPrivacidad\"><span class=\"wpcf7-form-control wpcf7-acceptance\"><span class=\"wpcf7-list-item\"><label><input type=\"checkbox\" name=\"AceptoPolticaPrivacidad\" value=\"1\" aria-invalid=\"false\" \/><span class=\"wpcf7-list-item-label\">I accept the <a href=\"\/privacy-policy\" rel=\"nofollow\" target=\"_blank\"> Privacy Policy<\/a><\/span><\/label><\/span><\/span><\/span>\n<\/p>\n<p><input class=\"wpcf7-form-control wpcf7-submit has-spinner\" type=\"submit\" value=\"Send\" \/>\n<\/p><div class=\"wpcf7-response-output\" aria-hidden=\"true\"><\/div>\n<\/form>\n<\/div>\n            <\/div>\n\n        \t\t\t\t<\/div>\n\t\t\t\t<\/div>\n\t\t\t\t\t<\/div>\n\t\t\t\t<\/div>\n\t\t\t\t<\/div>\n\t\t\t\t<\/div>\n\t\t","protected":false},"excerpt":{"rendered":"<p>CONTACT EMAIL tienda@fal.es TELEPHONE +34 941 38 08 00 ADDRESS Avenida Logro\u00f1o 21 26580 Arnedo (La Rioja) CONTACT FORM &#8212;Por favor, elige una opci\u00f3n&#8212;CalidadComercialInformaci\u00f3nMarketingPedidosReclamacionesTrabajo Acepto la pol\u00edtica de privacidad<\/p>\n","protected":false},"author":1,"featured_media":0,"parent":0,"menu_order":0,"comment_status":"closed","ping_status":"closed","template":"","meta":{"inline_featured_image":false,"_kad_post_transparent":"","_kad_post_title":"hide","_kad_post_layout":"fullwidth","_kad_post_sidebar_id":"","_kad_post_content_style":"unboxed","_kad_post_vertical_padding":"hide","_kad_post_feature":"hide","_kad_post_feature_position":"","_kad_post_header":false,"_kad_post_footer":false,"_kad_post_classname":"","footnotes":""},"class_list":["post-6179","page","type-page","status-publish","hentry"],"yoast_head":"<!-- This site is optimized with the Yoast SEO plugin v27.5 - https:\/\/yoast.com\/product\/yoast-seo-wordpress\/ -->\n<title>Contact | Chiruca<\/title>\n<meta name=\"description\" content=\"Contact page of the Chiruca website. Get in touch with us for any questions, queries or whatever you need.\" \/>\n<meta name=\"robots\" content=\"index, follow, max-snippet:-1, max-image-preview:large, max-video-preview:-1\" \/>\n<link rel=\"canonical\" href=\"https:\/\/chiruca.com\/en\/contact\/\" \/>\n<meta property=\"og:locale\" content=\"en_GB\" \/>\n<meta property=\"og:type\" content=\"article\" \/>\n<meta property=\"og:title\" content=\"Contact | Chiruca\" \/>\n<meta property=\"og:description\" content=\"Contact page of the Chiruca website. Get in touch with us for any questions, queries or whatever you need.\" \/>\n<meta property=\"og:url\" content=\"https:\/\/chiruca.com\/en\/contact\/\" \/>\n<meta property=\"og:site_name\" content=\"Chiruca\" \/>\n<meta property=\"article:modified_time\" content=\"2025-08-01T08:20:42+00:00\" \/>\n<meta name=\"twitter:card\" content=\"summary_large_image\" \/>\n<meta name=\"twitter:label1\" content=\"Estimated reading time\" \/>\n\t<meta name=\"twitter:data1\" content=\"1 minute\" \/>\n<script type=\"application\/ld+json\" class=\"yoast-schema-graph\">{\"@context\":\"https:\\\/\\\/schema.org\",\"@graph\":[{\"@type\":\"WebPage\",\"@id\":\"https:\\\/\\\/chiruca.com\\\/en\\\/contact\\\/\",\"url\":\"https:\\\/\\\/chiruca.com\\\/en\\\/contact\\\/\",\"name\":\"Contact | Chiruca\",\"isPartOf\":{\"@id\":\"https:\\\/\\\/chiruca.com\\\/en\\\/#website\"},\"datePublished\":\"2025-06-12T10:03:49+00:00\",\"dateModified\":\"2025-08-01T08:20:42+00:00\",\"description\":\"Contact page of the Chiruca website. Get in touch with us for any questions, queries or whatever you need.\",\"breadcrumb\":{\"@id\":\"https:\\\/\\\/chiruca.com\\\/en\\\/contact\\\/#breadcrumb\"},\"inLanguage\":\"en-GB\",\"potentialAction\":[{\"@type\":\"ReadAction\",\"target\":[\"https:\\\/\\\/chiruca.com\\\/en\\\/contact\\\/\"]}]},{\"@type\":\"BreadcrumbList\",\"@id\":\"https:\\\/\\\/chiruca.com\\\/en\\\/contact\\\/#breadcrumb\",\"itemListElement\":[{\"@type\":\"ListItem\",\"position\":1,\"name\":\"Blog\",\"item\":\"https:\\\/\\\/chiruca.com\\\/en\\\/\"},{\"@type\":\"ListItem\",\"position\":2,\"name\":\"Contact\"}]},{\"@type\":\"WebSite\",\"@id\":\"https:\\\/\\\/chiruca.com\\\/en\\\/#website\",\"url\":\"https:\\\/\\\/chiruca.com\\\/en\\\/\",\"name\":\"Chiruca Prueba 02\",\"description\":\"\",\"publisher\":{\"@id\":\"https:\\\/\\\/chiruca.com\\\/en\\\/#organization\"},\"potentialAction\":[{\"@type\":\"SearchAction\",\"target\":{\"@type\":\"EntryPoint\",\"urlTemplate\":\"https:\\\/\\\/chiruca.com\\\/en\\\/?s={search_term_string}\"},\"query-input\":{\"@type\":\"PropertyValueSpecification\",\"valueRequired\":true,\"valueName\":\"search_term_string\"}}],\"inLanguage\":\"en-GB\"},{\"@type\":\"Organization\",\"@id\":\"https:\\\/\\\/chiruca.com\\\/en\\\/#organization\",\"name\":\"Chiruca Prueba 02\",\"url\":\"https:\\\/\\\/chiruca.com\\\/en\\\/\",\"logo\":{\"@type\":\"ImageObject\",\"inLanguage\":\"en-GB\",\"@id\":\"https:\\\/\\\/chiruca.com\\\/en\\\/#\\\/schema\\\/logo\\\/image\\\/\",\"url\":\"https:\\\/\\\/chiruca.com\\\/en\\\/wp-content\\\/uploads\\\/2025\\\/03\\\/logo_chiruca.svg\",\"contentUrl\":\"https:\\\/\\\/chiruca.com\\\/en\\\/wp-content\\\/uploads\\\/2025\\\/03\\\/logo_chiruca.svg\",\"width\":297,\"height\":48,\"caption\":\"Chiruca Prueba 02\"},\"image\":{\"@id\":\"https:\\\/\\\/chiruca.com\\\/en\\\/#\\\/schema\\\/logo\\\/image\\\/\"}}]}<\/script>\n<!-- \/ Yoast SEO plugin. -->","yoast_head_json":{"title":"Contact | Chiruca","description":"Contact page of the Chiruca website. Get in touch with us for any questions, queries or whatever you need.","robots":{"index":"index","follow":"follow","max-snippet":"max-snippet:-1","max-image-preview":"max-image-preview:large","max-video-preview":"max-video-preview:-1"},"canonical":"https:\/\/chiruca.com\/en\/contact\/","og_locale":"en_GB","og_type":"article","og_title":"Contact | Chiruca","og_description":"Contact page of the Chiruca website. Get in touch with us for any questions, queries or whatever you need.","og_url":"https:\/\/chiruca.com\/en\/contact\/","og_site_name":"Chiruca","article_modified_time":"2025-08-01T08:20:42+00:00","twitter_card":"summary_large_image","twitter_misc":{"Estimated reading time":"1 minute"},"schema":{"@context":"https:\/\/schema.org","@graph":[{"@type":"WebPage","@id":"https:\/\/chiruca.com\/en\/contact\/","url":"https:\/\/chiruca.com\/en\/contact\/","name":"Contact | Chiruca","isPartOf":{"@id":"https:\/\/chiruca.com\/en\/#website"},"datePublished":"2025-06-12T10:03:49+00:00","dateModified":"2025-08-01T08:20:42+00:00","description":"Contact page of the Chiruca website. Get in touch with us for any questions, queries or whatever you need.","breadcrumb":{"@id":"https:\/\/chiruca.com\/en\/contact\/#breadcrumb"},"inLanguage":"en-GB","potentialAction":[{"@type":"ReadAction","target":["https:\/\/chiruca.com\/en\/contact\/"]}]},{"@type":"BreadcrumbList","@id":"https:\/\/chiruca.com\/en\/contact\/#breadcrumb","itemListElement":[{"@type":"ListItem","position":1,"name":"Blog","item":"https:\/\/chiruca.com\/en\/"},{"@type":"ListItem","position":2,"name":"Contact"}]},{"@type":"WebSite","@id":"https:\/\/chiruca.com\/en\/#website","url":"https:\/\/chiruca.com\/en\/","name":"Chiruca Prueba 02","description":"","publisher":{"@id":"https:\/\/chiruca.com\/en\/#organization"},"potentialAction":[{"@type":"SearchAction","target":{"@type":"EntryPoint","urlTemplate":"https:\/\/chiruca.com\/en\/?s={search_term_string}"},"query-input":{"@type":"PropertyValueSpecification","valueRequired":true,"valueName":"search_term_string"}}],"inLanguage":"en-GB"},{"@type":"Organization","@id":"https:\/\/chiruca.com\/en\/#organization","name":"Chiruca Prueba 02","url":"https:\/\/chiruca.com\/en\/","logo":{"@type":"ImageObject","inLanguage":"en-GB","@id":"https:\/\/chiruca.com\/en\/#\/schema\/logo\/image\/","url":"https:\/\/chiruca.com\/en\/wp-content\/uploads\/2025\/03\/logo_chiruca.svg","contentUrl":"https:\/\/chiruca.com\/en\/wp-content\/uploads\/2025\/03\/logo_chiruca.svg","width":297,"height":48,"caption":"Chiruca Prueba 02"},"image":{"@id":"https:\/\/chiruca.com\/en\/#\/schema\/logo\/image\/"}}]}},"_links":{"self":[{"href":"https:\/\/chiruca.com\/en\/wp-json\/wp\/v2\/pages\/6179","targetHints":{"allow":["GET"]}}],"collection":[{"href":"https:\/\/chiruca.com\/en\/wp-json\/wp\/v2\/pages"}],"about":[{"href":"https:\/\/chiruca.com\/en\/wp-json\/wp\/v2\/types\/page"}],"author":[{"embeddable":true,"href":"https:\/\/chiruca.com\/en\/wp-json\/wp\/v2\/users\/1"}],"replies":[{"embeddable":true,"href":"https:\/\/chiruca.com\/en\/wp-json\/wp\/v2\/comments?post=6179"}],"version-history":[{"count":197,"href":"https:\/\/chiruca.com\/en\/wp-json\/wp\/v2\/pages\/6179\/revisions"}],"predecessor-version":[{"id":9298,"href":"https:\/\/chiruca.com\/en\/wp-json\/wp\/v2\/pages\/6179\/revisions\/9298"}],"wp:attachment":[{"href":"https:\/\/chiruca.com\/en\/wp-json\/wp\/v2\/media?parent=6179"}],"curies":[{"name":"wp","href":"https:\/\/api.w.org\/{rel}","templated":true}]}}