{"id":6810,"date":"2025-07-14T17:00:33","date_gmt":"2025-07-14T15:00:33","guid":{"rendered":"https:\/\/chirucac-cp192.wordpresstemporal.com\/chiruca.com\/?post_type=product&#038;p=8748"},"modified":"2026-03-25T09:29:27","modified_gmt":"2026-03-25T08:29:27","slug":"urales-12","status":"publish","type":"product","link":"https:\/\/chiruca.com\/en\/producto\/urales-12\/","title":{"rendered":"Urales 12"},"content":{"rendered":"<div class=\"materiales-info\">\n<div class=\"material\">\n<p><a href=\"\/innovacion-gore-tex\" target=\"_blank\" rel=\"noopener\"><img decoding=\"async\" src=\"https:\/\/chiruca.com\/en\/wp-content\/uploads\/2025\/05\/gore_tex.svg\" alt=\"Gore-Tex\" width=\"120\" height=\"120\" \/><\/a><\/p>\n<h3>Foro GORETEX<br \/>\nPERFORMANCE COMFORT<\/h3>\n<p>El calzado con tecnolog\u00eda de producto GORE-TEX Performance Comfort ha sido dise\u00f1ado para usos outdoor en climas moderados ofreciendo una impermeabilidad duradera y una \u00f3ptima transpirabilidad para un \u00f3ptimo confort clim\u00e1tico.<\/p>\n<\/div>\n<div class=\"material\">\n<p><a href=\"\/innovacion-vibram\" target=\"_blank\" rel=\"noopener\"><img decoding=\"async\" src=\"https:\/\/chiruca.com\/en\/wp-content\/uploads\/2025\/07\/vibram.png\" alt=\"Vibram\" \/><\/a><\/p>\n<h3>VIBRAM\u00ae<\/h3>\n<p>Vibram\u00ae es la marca l\u00edder en suelas que garantiza absorci\u00f3n de impactos, durabilidad, resistencia a la temperatura y a la abrasi\u00f3n, agarre y un buen comportamiento ante el deslizamiento.<\/p>\n<\/div>\n<\/div>\n","protected":false},"excerpt":{"rendered":"<p>&nbsp;<br \/>\n<strong><span style=\"font-family: Anton; font-size: 20px; font-weight: 400; color: #e4042c;\">REF: 44760 \/ SIZES: 36 &#8211; 48<\/span><\/strong><br \/>\n&nbsp;<br \/>\nRecommended boot for<strong> light\/medium trekking<\/strong>.<br \/>\n&nbsp;<br \/>\nSuitable for technical terrain.<br \/>\n&nbsp;<br \/>\n &#8211; Water-repellent Nubuck leather.<br \/>\n &#8211; Water-repellent Nappa leather.<br \/>\n &#8211; Nappa leather collar.<br \/>\n &#8211; Textile interior.<br \/>\n &#8211; <strong>Gore-Tex<\/strong> Performance Comfort lining.<br \/>\n &#8211; <strong>Vibram\u00ae<\/strong> Galgo rubber sole.<br \/>\n&nbsp;<br \/>\n&nbsp;<br \/>\nWeight: 694 grams<\/p>\n","protected":false},"featured_media":10673,"template":"","meta":{"inline_featured_image":false,"_kad_post_transparent":"default","_kad_post_title":"","_kad_post_layout":"default","_kad_post_sidebar_id":"","_kad_post_content_style":"default","_kad_post_vertical_padding":"default","_kad_post_feature":"","_kad_post_feature_position":"","_kad_post_header":false,"_kad_post_footer":false,"_kad_post_classname":""},"product_brand":[],"product_cat":[108],"product_tag":[30,79],"class_list":{"0":"post-6810","1":"product","2":"type-product","3":"status-publish","4":"has-post-thumbnail","6":"product_cat-trekking","7":"product_tag-gore-tex","8":"product_tag-vibram","9":"pa_activity-technical-or-high-mountain-climbing","10":"pa_climate-all-year-round","11":"pa_colour-brown","12":"pa_land-rocks-uneven-terrain","13":"pa_materials-gore-tex","14":"pa_materials-vibram","15":"pa_sizes-63","16":"pa_sizes-64","17":"pa_sizes-65","18":"pa_sizes-66","19":"pa_sizes-67","20":"pa_sizes-68","21":"pa_sizes-69","22":"pa_sizes-70","23":"pa_sizes-71","24":"pa_sizes-72","25":"pa_sizes-73","26":"pa_sizes-74","27":"pa_sizes-75","29":"first","30":"instock","31":"shipping-taxable","32":"purchasable","33":"product-type-variable","34":"entry","35":"content-bg","36":"loop-entry"},"yoast_head":"<!-- This site is optimized with the Yoast SEO plugin v27.4 - https:\/\/yoast.com\/product\/yoast-seo-wordpress\/ -->\n<title>Urales 12 | Chiruca<\/title>\n<meta name=\"description\" content=\"Urales 12. Water-repellent Nubuck leather. Water-repellent Nappa leather. Textile interior. Gore-Tex Performance Comfortlining. Vibram\u00ae rubber sole\" \/>\n<meta name=\"robots\" content=\"index, follow, max-snippet:-1, max-image-preview:large, max-video-preview:-1\" \/>\n<link rel=\"canonical\" href=\"https:\/\/chiruca.com\/en\/producto\/urales-12\/\" \/>\n<meta property=\"og:locale\" content=\"en_GB\" \/>\n<meta property=\"og:type\" content=\"article\" \/>\n<meta property=\"og:title\" content=\"Urales 12 | Chiruca\" \/>\n<meta property=\"og:description\" content=\"Urales 12. Water-repellent Nubuck leather. Water-repellent Nappa leather. Textile interior. Gore-Tex Performance Comfortlining. Vibram\u00ae rubber sole\" \/>\n<meta property=\"og:url\" content=\"https:\/\/chiruca.com\/en\/producto\/urales-12\/\" \/>\n<meta property=\"og:site_name\" content=\"Chiruca\" \/>\n<meta property=\"article:modified_time\" content=\"2026-03-25T08:29:27+00:00\" \/>\n<meta property=\"og:image\" content=\"https:\/\/chiruca.com\/en\/wp-content\/uploads\/2025\/07\/urales_12_01-1.jpg\" \/>\n\t<meta property=\"og:image:width\" content=\"1000\" \/>\n\t<meta property=\"og:image:height\" content=\"1000\" \/>\n\t<meta property=\"og:image:type\" content=\"image\/jpeg\" \/>\n<meta name=\"twitter:card\" content=\"summary_large_image\" \/>\n<meta name=\"twitter:label1\" content=\"Estimated reading time\" \/>\n\t<meta name=\"twitter:data1\" content=\"1 minute\" \/>\n<script type=\"application\/ld+json\" class=\"yoast-schema-graph\">{\"@context\":\"https:\\\/\\\/schema.org\",\"@graph\":[{\"@type\":\"WebPage\",\"@id\":\"https:\\\/\\\/chiruca.com\\\/en\\\/producto\\\/urales-12\\\/\",\"url\":\"https:\\\/\\\/chiruca.com\\\/en\\\/producto\\\/urales-12\\\/\",\"name\":\"Urales 12 | Chiruca\",\"isPartOf\":{\"@id\":\"https:\\\/\\\/chiruca.com\\\/en\\\/#website\"},\"primaryImageOfPage\":{\"@id\":\"https:\\\/\\\/chiruca.com\\\/en\\\/producto\\\/urales-12\\\/#primaryimage\"},\"image\":{\"@id\":\"https:\\\/\\\/chiruca.com\\\/en\\\/producto\\\/urales-12\\\/#primaryimage\"},\"thumbnailUrl\":\"https:\\\/\\\/chiruca.com\\\/en\\\/wp-content\\\/uploads\\\/2025\\\/07\\\/urales_12_01-1.jpg\",\"datePublished\":\"2025-07-14T15:00:33+00:00\",\"dateModified\":\"2026-03-25T08:29:27+00:00\",\"description\":\"Urales 12. Water-repellent Nubuck leather. Water-repellent Nappa leather. Textile interior. Gore-Tex Performance Comfortlining. Vibram\u00ae rubber sole\",\"breadcrumb\":{\"@id\":\"https:\\\/\\\/chiruca.com\\\/en\\\/producto\\\/urales-12\\\/#breadcrumb\"},\"inLanguage\":\"en-GB\",\"potentialAction\":[{\"@type\":\"ReadAction\",\"target\":[\"https:\\\/\\\/chiruca.com\\\/en\\\/producto\\\/urales-12\\\/\"]}]},{\"@type\":\"ImageObject\",\"inLanguage\":\"en-GB\",\"@id\":\"https:\\\/\\\/chiruca.com\\\/en\\\/producto\\\/urales-12\\\/#primaryimage\",\"url\":\"https:\\\/\\\/chiruca.com\\\/en\\\/wp-content\\\/uploads\\\/2025\\\/07\\\/urales_12_01-1.jpg\",\"contentUrl\":\"https:\\\/\\\/chiruca.com\\\/en\\\/wp-content\\\/uploads\\\/2025\\\/07\\\/urales_12_01-1.jpg\",\"width\":1000,\"height\":1000,\"caption\":\"Chiruca Urales 12\"},{\"@type\":\"BreadcrumbList\",\"@id\":\"https:\\\/\\\/chiruca.com\\\/en\\\/producto\\\/urales-12\\\/#breadcrumb\",\"itemListElement\":[{\"@type\":\"ListItem\",\"position\":1,\"name\":\"Blog\",\"item\":\"https:\\\/\\\/chiruca.com\\\/en\\\/\"},{\"@type\":\"ListItem\",\"position\":2,\"name\":\"Catalogue\",\"item\":\"https:\\\/\\\/chiruca.com\\\/en\\\/catalogue\\\/\"},{\"@type\":\"ListItem\",\"position\":3,\"name\":\"Urales 12\"}]},{\"@type\":\"WebSite\",\"@id\":\"https:\\\/\\\/chiruca.com\\\/en\\\/#website\",\"url\":\"https:\\\/\\\/chiruca.com\\\/en\\\/\",\"name\":\"Chiruca Prueba 02\",\"description\":\"\",\"publisher\":{\"@id\":\"https:\\\/\\\/chiruca.com\\\/en\\\/#organization\"},\"potentialAction\":[{\"@type\":\"SearchAction\",\"target\":{\"@type\":\"EntryPoint\",\"urlTemplate\":\"https:\\\/\\\/chiruca.com\\\/en\\\/?s={search_term_string}\"},\"query-input\":{\"@type\":\"PropertyValueSpecification\",\"valueRequired\":true,\"valueName\":\"search_term_string\"}}],\"inLanguage\":\"en-GB\"},{\"@type\":\"Organization\",\"@id\":\"https:\\\/\\\/chiruca.com\\\/en\\\/#organization\",\"name\":\"Chiruca Prueba 02\",\"url\":\"https:\\\/\\\/chiruca.com\\\/en\\\/\",\"logo\":{\"@type\":\"ImageObject\",\"inLanguage\":\"en-GB\",\"@id\":\"https:\\\/\\\/chiruca.com\\\/en\\\/#\\\/schema\\\/logo\\\/image\\\/\",\"url\":\"https:\\\/\\\/chiruca.com\\\/en\\\/wp-content\\\/uploads\\\/2025\\\/03\\\/logo_chiruca.svg\",\"contentUrl\":\"https:\\\/\\\/chiruca.com\\\/en\\\/wp-content\\\/uploads\\\/2025\\\/03\\\/logo_chiruca.svg\",\"width\":297,\"height\":48,\"caption\":\"Chiruca Prueba 02\"},\"image\":{\"@id\":\"https:\\\/\\\/chiruca.com\\\/en\\\/#\\\/schema\\\/logo\\\/image\\\/\"}}]}<\/script>\n<!-- \/ Yoast SEO plugin. -->","yoast_head_json":{"title":"Urales 12 | Chiruca","description":"Urales 12. Water-repellent Nubuck leather. Water-repellent Nappa leather. Textile interior. Gore-Tex Performance Comfortlining. Vibram\u00ae rubber sole","robots":{"index":"index","follow":"follow","max-snippet":"max-snippet:-1","max-image-preview":"max-image-preview:large","max-video-preview":"max-video-preview:-1"},"canonical":"https:\/\/chiruca.com\/en\/producto\/urales-12\/","og_locale":"en_GB","og_type":"article","og_title":"Urales 12 | Chiruca","og_description":"Urales 12. Water-repellent Nubuck leather. Water-repellent Nappa leather. Textile interior. Gore-Tex Performance Comfortlining. Vibram\u00ae rubber sole","og_url":"https:\/\/chiruca.com\/en\/producto\/urales-12\/","og_site_name":"Chiruca","article_modified_time":"2026-03-25T08:29:27+00:00","og_image":[{"width":1000,"height":1000,"url":"https:\/\/chiruca.com\/en\/wp-content\/uploads\/2025\/07\/urales_12_01-1.jpg","type":"image\/jpeg"}],"twitter_card":"summary_large_image","twitter_misc":{"Estimated reading time":"1 minute"},"schema":{"@context":"https:\/\/schema.org","@graph":[{"@type":"WebPage","@id":"https:\/\/chiruca.com\/en\/producto\/urales-12\/","url":"https:\/\/chiruca.com\/en\/producto\/urales-12\/","name":"Urales 12 | Chiruca","isPartOf":{"@id":"https:\/\/chiruca.com\/en\/#website"},"primaryImageOfPage":{"@id":"https:\/\/chiruca.com\/en\/producto\/urales-12\/#primaryimage"},"image":{"@id":"https:\/\/chiruca.com\/en\/producto\/urales-12\/#primaryimage"},"thumbnailUrl":"https:\/\/chiruca.com\/en\/wp-content\/uploads\/2025\/07\/urales_12_01-1.jpg","datePublished":"2025-07-14T15:00:33+00:00","dateModified":"2026-03-25T08:29:27+00:00","description":"Urales 12. Water-repellent Nubuck leather. Water-repellent Nappa leather. Textile interior. Gore-Tex Performance Comfortlining. Vibram\u00ae rubber sole","breadcrumb":{"@id":"https:\/\/chiruca.com\/en\/producto\/urales-12\/#breadcrumb"},"inLanguage":"en-GB","potentialAction":[{"@type":"ReadAction","target":["https:\/\/chiruca.com\/en\/producto\/urales-12\/"]}]},{"@type":"ImageObject","inLanguage":"en-GB","@id":"https:\/\/chiruca.com\/en\/producto\/urales-12\/#primaryimage","url":"https:\/\/chiruca.com\/en\/wp-content\/uploads\/2025\/07\/urales_12_01-1.jpg","contentUrl":"https:\/\/chiruca.com\/en\/wp-content\/uploads\/2025\/07\/urales_12_01-1.jpg","width":1000,"height":1000,"caption":"Chiruca Urales 12"},{"@type":"BreadcrumbList","@id":"https:\/\/chiruca.com\/en\/producto\/urales-12\/#breadcrumb","itemListElement":[{"@type":"ListItem","position":1,"name":"Blog","item":"https:\/\/chiruca.com\/en\/"},{"@type":"ListItem","position":2,"name":"Catalogue","item":"https:\/\/chiruca.com\/en\/catalogue\/"},{"@type":"ListItem","position":3,"name":"Urales 12"}]},{"@type":"WebSite","@id":"https:\/\/chiruca.com\/en\/#website","url":"https:\/\/chiruca.com\/en\/","name":"Chiruca Prueba 02","description":"","publisher":{"@id":"https:\/\/chiruca.com\/en\/#organization"},"potentialAction":[{"@type":"SearchAction","target":{"@type":"EntryPoint","urlTemplate":"https:\/\/chiruca.com\/en\/?s={search_term_string}"},"query-input":{"@type":"PropertyValueSpecification","valueRequired":true,"valueName":"search_term_string"}}],"inLanguage":"en-GB"},{"@type":"Organization","@id":"https:\/\/chiruca.com\/en\/#organization","name":"Chiruca Prueba 02","url":"https:\/\/chiruca.com\/en\/","logo":{"@type":"ImageObject","inLanguage":"en-GB","@id":"https:\/\/chiruca.com\/en\/#\/schema\/logo\/image\/","url":"https:\/\/chiruca.com\/en\/wp-content\/uploads\/2025\/03\/logo_chiruca.svg","contentUrl":"https:\/\/chiruca.com\/en\/wp-content\/uploads\/2025\/03\/logo_chiruca.svg","width":297,"height":48,"caption":"Chiruca Prueba 02"},"image":{"@id":"https:\/\/chiruca.com\/en\/#\/schema\/logo\/image\/"}}]}},"_links":{"self":[{"href":"https:\/\/chiruca.com\/en\/wp-json\/wp\/v2\/product\/6810","targetHints":{"allow":["GET"]}}],"collection":[{"href":"https:\/\/chiruca.com\/en\/wp-json\/wp\/v2\/product"}],"about":[{"href":"https:\/\/chiruca.com\/en\/wp-json\/wp\/v2\/types\/product"}],"wp:featuredmedia":[{"embeddable":true,"href":"https:\/\/chiruca.com\/en\/wp-json\/wp\/v2\/media\/10673"}],"wp:attachment":[{"href":"https:\/\/chiruca.com\/en\/wp-json\/wp\/v2\/media?parent=6810"}],"wp:term":[{"taxonomy":"product_brand","embeddable":true,"href":"https:\/\/chiruca.com\/en\/wp-json\/wp\/v2\/product_brand?post=6810"},{"taxonomy":"product_cat","embeddable":true,"href":"https:\/\/chiruca.com\/en\/wp-json\/wp\/v2\/product_cat?post=6810"},{"taxonomy":"product_tag","embeddable":true,"href":"https:\/\/chiruca.com\/en\/wp-json\/wp\/v2\/product_tag?post=6810"}],"curies":[{"name":"wp","href":"https:\/\/api.w.org\/{rel}","templated":true}]}}